{"id":275,"date":"2020-08-15T16:31:10","date_gmt":"2020-08-15T14:31:10","guid":{"rendered":"https:\/\/www.moerikeschule.de\/?page_id=275"},"modified":"2020-08-15T17:12:07","modified_gmt":"2020-08-15T15:12:07","slug":"foerderverein","status":"publish","type":"page","link":"https:\/\/www.moerikeschule.de\/?page_id=275","title":{"rendered":"F\u00f6rderverein"},"content":{"rendered":"\n<div class=\"wp-block-media-text alignwide is-stacked-on-mobile is-vertically-aligned-top\"><figure class=\"wp-block-media-text__media\"><img decoding=\"async\" loading=\"lazy\" width=\"1024\" height=\"413\" src=\"data:image\/gif;base64,R0lGODlhAQABAAAAACH5BAEKAAEALAAAAAABAAEAAAICTAEAOw==\" data-layzr=\"https:\/\/www.moerikeschule.de\/wp-content\/uploads\/2020\/08\/betreuung-1-1024x413.jpg\" alt=\"\" class=\"wp-image-277\" data-layzr-srcset=\"https:\/\/www.moerikeschule.de\/wp-content\/uploads\/2020\/08\/betreuung-1-1024x413.jpg 1024w, https:\/\/www.moerikeschule.de\/wp-content\/uploads\/2020\/08\/betreuung-1-300x121.jpg 300w, https:\/\/www.moerikeschule.de\/wp-content\/uploads\/2020\/08\/betreuung-1-768x310.jpg 768w, https:\/\/www.moerikeschule.de\/wp-content\/uploads\/2020\/08\/betreuung-1-1536x620.jpg 1536w, https:\/\/www.moerikeschule.de\/wp-content\/uploads\/2020\/08\/betreuung-1-2048x827.jpg 2048w\" sizes=\"(max-width: 1024px) 100vw, 1024px\" \/><\/figure><div class=\"wp-block-media-text__content\">\n<h2>Allgemeine Informationen<\/h2>\n\n\n\n<p>Der F\u00f6rderverein der M\u00f6rikeschule wurde 1992 von engagierten Eltern gegr\u00fcndet. Oberstes Ziel war und ist die Vereinbarkeit von Familie und Beruf zu gew\u00e4hrleisten.<\/p>\n\n\n\n<p>Die Hauptaufgabe des F\u00f6rdervereins liegt darin, das Schulleben aktiv mitzugestalten und den Kindern unabh\u00e4ngig von ihrer pers\u00f6nlichen Herkunft Chancengleichheit in der individuellen Entwicklung zu erm\u00f6glichen.<\/p>\n\n\n\n<p><\/p>\n\n\n\n<p><\/p>\n<\/div><\/div>\n\n\n\n<div class=\"wp-block-media-text alignwide has-media-on-the-right is-stacked-on-mobile is-vertically-aligned-center\"><figure class=\"wp-block-media-text__media\"><img decoding=\"async\" loading=\"lazy\" width=\"1024\" height=\"476\" src=\"data:image\/gif;base64,R0lGODlhAQABAAAAACH5BAEKAAEALAAAAAABAAEAAAICTAEAOw==\" data-layzr=\"https:\/\/www.moerikeschule.de\/wp-content\/uploads\/2020\/08\/ha-betreuung-1024x476.jpg\" alt=\"\" class=\"wp-image-280\" data-layzr-srcset=\"https:\/\/www.moerikeschule.de\/wp-content\/uploads\/2020\/08\/ha-betreuung-1024x476.jpg 1024w, https:\/\/www.moerikeschule.de\/wp-content\/uploads\/2020\/08\/ha-betreuung-300x139.jpg 300w, https:\/\/www.moerikeschule.de\/wp-content\/uploads\/2020\/08\/ha-betreuung-768x357.jpg 768w, https:\/\/www.moerikeschule.de\/wp-content\/uploads\/2020\/08\/ha-betreuung.jpg 1417w\" sizes=\"(max-width: 1024px) 100vw, 1024px\" \/><\/figure><div class=\"wp-block-media-text__content\">\n<h2>Arbeitsfelder des F\u00f6rdervereins<\/h2>\n\n\n\n<ul><li>Gruppenarbeit<\/li><li>offener Bereich mit Angeboten<\/li><li>Elternarbeit<\/li><li>schulorientierte Gemeinwesenarbeit<\/li><\/ul>\n\n\n\n<p><\/p>\n<\/div><\/div>\n\n\n\n<div style=\"height:39px\" aria-hidden=\"true\" class=\"wp-block-spacer\"><\/div>\n\n\n\n<p>Weitere Informationen zum F\u00f6rderverein finden Sie auf der Homepage<br><a href=\"https:\/\/www.foerderverein-moerikeschule.de\/\" target=\"_blank\" rel=\"noreferrer noopener\">www.foerderverein-moerikeschule.de<\/a><\/p>\n\n\n\n<p><\/p>\n","protected":false},"excerpt":{"rendered":"<p>Allgemeine Informationen Der F\u00f6rderverein der M\u00f6rikeschule wurde 1992 von engagierten Eltern gegr\u00fcndet. Oberstes Ziel war und ist die Vereinbarkeit von Familie und Beruf zu gew\u00e4hrleisten. Die Hauptaufgabe des F\u00f6rdervereins liegt darin, das Schulleben aktiv mitzugestalten und den Kindern unabh\u00e4ngig von ihrer pers\u00f6nlichen Herkunft Chancengleichheit in der individuellen Entwicklung zu erm\u00f6glichen. Arbeitsfelder des F\u00f6rdervereins Gruppenarbeit offener [&hellip;]<\/p>\n","protected":false},"author":1,"featured_media":0,"parent":0,"menu_order":0,"comment_status":"closed","ping_status":"closed","template":"","meta":{"ngg_post_thumbnail":0},"_links":{"self":[{"href":"https:\/\/www.moerikeschule.de\/index.php?rest_route=\/wp\/v2\/pages\/275"}],"collection":[{"href":"https:\/\/www.moerikeschule.de\/index.php?rest_route=\/wp\/v2\/pages"}],"about":[{"href":"https:\/\/www.moerikeschule.de\/index.php?rest_route=\/wp\/v2\/types\/page"}],"author":[{"embeddable":true,"href":"https:\/\/www.moerikeschule.de\/index.php?rest_route=\/wp\/v2\/users\/1"}],"replies":[{"embeddable":true,"href":"https:\/\/www.moerikeschule.de\/index.php?rest_route=%2Fwp%2Fv2%2Fcomments&post=275"}],"version-history":[{"count":25,"href":"https:\/\/www.moerikeschule.de\/index.php?rest_route=\/wp\/v2\/pages\/275\/revisions"}],"predecessor-version":[{"id":308,"href":"https:\/\/www.moerikeschule.de\/index.php?rest_route=\/wp\/v2\/pages\/275\/revisions\/308"}],"wp:attachment":[{"href":"https:\/\/www.moerikeschule.de\/index.php?rest_route=%2Fwp%2Fv2%2Fmedia&parent=275"}],"curies":[{"name":"wp","href":"https:\/\/api.w.org\/{rel}","templated":true}]}}