{"id":3,"date":"2020-03-21T23:01:06","date_gmt":"2020-03-21T22:01:06","guid":{"rendered":"https:\/\/www.moerikeschule.de\/?page_id=3"},"modified":"2023-10-11T16:35:50","modified_gmt":"2023-10-11T14:35:50","slug":"datenschutzerklaerung","status":"publish","type":"page","link":"https:\/\/www.moerikeschule.de\/?page_id=3","title":{"rendered":"Datenschutzerkl\u00e4rung"},"content":{"rendered":"\n<p><strong>Datenschutzerkl\u00e4rung\n<\/strong><\/p>\n\n\n\n<ol>\n<li>Verantwortlicher und Datenschutzbeauftragter<br>Wir haben einen Datenschutzbeauftragten benannt. Diesen erreichen Sie unter:<br>Staatliches Schulamt T\u00fcbingen<br>Datenschutzbeauftragter an Schulen<br>Uhlandstra\u00dfe 15<br>72072 T\u00fcbingen<br><br>Telefon: 07071\/99902201<br>E-Mail: datenschutz-schulen@ssa-tue.kv.bwl.de<\/li>\n\n\n\n<li>Information \u00fcber die Erhebung personenbezogener Daten, Speicherdauer\n<ul>\n<li> Im Folgenden informieren wir \u00fcber die Erhebung personenbezogener Daten bei Nutzung unserer Website. Personenbezogene Daten sind alle Daten, die auf Sie pers\u00f6nlich beziehbar sind, z. B. Name, Adresse, E-Mail-Adressen, Nutzerverhalten. <\/li>\n\n\n\n<li>Falls wir f\u00fcr einzelne Funktionen unseres Angebots auf beauftragte Dienstleister zur\u00fcckgreifen oder Ihre Daten f\u00fcr werbliche Zwecke nutzen m\u00f6chten, werden wir Sie untenstehend im Detail \u00fcber die jeweiligen Vorg\u00e4nge informieren. Dabei nennen wir auch die festgelegten Kriterien der Speicherdauer.  <\/li>\n<\/ul>\n<\/li>\n\n\n\n<li>Ihre Rechte\n<ul>\n<li>Sie haben gegen\u00fcber uns folgende Rechte hinsichtlich der Sie betreffenden personenbezogenen Daten: <br>&#8211; Recht auf Auskunft, <br>&#8211; Recht auf Berichtigung oder L\u00f6schung, <br>&#8211; Recht auf Einschr\u00e4nkung der Verarbeitung,<br>&#8211; Recht auf Widerspruch gegen die Verarbeitung,<br>&#8211;  Recht auf Daten\u00fcbertragbarkeit. <\/li>\n\n\n\n<li>Sie haben zudem das Recht, sich bei einer Datenschutz-Aufsichtsbeh\u00f6rde \u00fcber die Verarbeitung  Ihrer personenbezogenen Daten durch uns zu beschweren. Die Datenschutzaufsichtsbeh\u00f6rde ist der <em>Landesbeauftragte f\u00fcr den Datenschutz und die Informationsfreiheit (LfDI), K\u00f6nigstrasse 10a, 70173 Stuttgart. <\/em> <\/li>\n\n\n\n<li>Werden personenbezogene Daten an ein Drittland oder an eine  internationale Organisation \u00fcbermittelt, so haben Sie das Recht, \u00fcber  die geeigneten Garantien gem\u00e4\u00df Art. 46 EU-DSGVO im Zusammenhang mit der  \u00dcbermittlung unterrichtet zu werden. <\/li>\n<\/ul>\n<\/li>\n\n\n\n<li>Erhebung und Zweck personenbezogener Daten bei Besuch unserer Website\n<ul>\n<li>Bei der blo\u00df informatorischen Nutzung der Website, also wenn Sie sich nicht registrieren oder uns anderweitig Informationen \u00fcbermitteln, erheben wir nur die personenbezogenen Daten, die Ihr Browser an unseren Server \u00fcbermittelt. Wenn Sie unsere Website betrachten m\u00f6chten, erheben wir die folgenden Daten, die f\u00fcr uns technisch erforderlich sind, um Ihnen unsere Website anzuzeigen und die Stabilit\u00e4t und Sicherheit zu gew\u00e4hrleisten (Rechtsgrundlage ist Art. 6 Abs. 1 S. 1 lit. f EU-DSGVO): <br>&#8211; IP-Adresse <br>&#8211; Datum und Uhrzeit der Anfrage <br>&#8211; Zeitzonendifferenz zur Greenwich Mean Time (GMT) <br>&#8211; Inhalt der Anforderung (konkrete Seite) <br>&#8211; Zugriffsstatus\/HTTP-Statuscode <br>&#8211; jeweils \u00fcbertragene Datenmenge <br>&#8211; Website, von der die Anforderung kommt <br>&#8211; Browser <br>&#8211; Betriebssystem und dessen Oberfl\u00e4che <br>&#8211; Sprache und Version der Browsersoftware. <\/li>\n\n\n\n<li>Zus\u00e4tzlich zu den zuvor genannten Daten werden bei Ihrer Nutzung unserer Website Cookies auf Ihrem Rechner gespeichert. Bei Cookies handelt es sich um kleine Textdateien, die auf Ihrer Festplatte dem von Ihnen verwendeten Browser zugeordnet gespeichert werden und durch welche der Stelle, die den Cookie setzt (hier durch uns), bestimmte Informationen zuflie\u00dfen. Cookies k\u00f6nnen keine Programme ausf\u00fchren oder Viren auf Ihren Computer \u00fcbertragen. Sie dienen dazu, das Internetangebot insgesamt nutzerfreundlicher und effektiver zu machen. Sie k\u00f6nnen den Einsatz der Cookies ablehnen. <\/li>\n\n\n\n<li>Einsatz von Cookies <sup>1<\/sup>: <br>a) Diese Website nutzt folgende Arten von Cookies, deren Umfang und Funktionsweise im Folgenden erl\u00e4utert werden: <br>&#8211; Transiente Cookies (dazu b) <br>&#8211; Persistente Cookies (dazu c). <br>b) Transiente Cookies werden automatisiert gel\u00f6scht, wenn Sie den Browser schlie\u00dfen. Dazu z\u00e4hlen insbesondere die Session-Cookies. Diese speichern eine sogenannte Session-ID, mit welcher sich verschiedene Anfragen Ihres Browsers der gemeinsamen Sitzung zuordnen lassen. Dadurch kann Ihr Rechner wiedererkannt werden, wenn Sie auf unsere  Website zur\u00fcckkehren. Die Session-Cookies werden gel\u00f6scht, wenn Sie sich  ausloggen oder den Browser schlie\u00dfen. <br>c) Persistente Cookies werden automatisiert nach einer vorgegebenen Dauer  gel\u00f6scht, die sich je nach Cookie unterscheiden kann. Sie k\u00f6nnen die  Cookies in den Sicherheitseinstellungen Ihres Browsers jederzeit  l\u00f6schen. <br>d) Sie k\u00f6nnen Ihre Browser-Einstellung entsprechend Ihren W\u00fcnschen konfigurieren und z. B. die Annahme von Third-Party-Cookies oder allen Cookies ablehnen. Wir weisen Sie darauf hin, dass Sie eventuell nicht alle Funktionen dieser Website nutzen k\u00f6nnen. <br>e) [Die genutzten Flash-Cookies werden nicht durch Ihren Browser erfasst, sondern durch Ihr Flash-Plug-in. Weiterhin nutzen wir HTML5 storage objects, die auf Ihrem Endger\u00e4t abgelegt  werden. Diese Objekte speichern die erforderlichen Daten unabh\u00e4ngig von  Ihrem verwendeten Browser und haben kein automatisches Ablaufdatum. Wenn  Sie keine Verarbeitung der Flash-Cookies w\u00fcnschen, m\u00fcssen Sie ein entsprechendes Add-On installieren, z.  B. \u201eBetter Privacy\u201c f\u00fcr Mozilla Firefox  (https:\/\/addons.mozilla.org\/de\/firefox\/addon\/betterprivacy\/) oder das  AdobeFlash-Killer-Cookie f\u00fcr Google Chrome. Die Nutzung von HTML5  storage objects k\u00f6nnen Sie verhindern, indem Sie in Ihrem Browser den  privaten Modus einsetzen. Zudem empfehlen wir, regelm\u00e4\u00dfig Ihre Cookies  und den Browser-Verlauf manuell zu l\u00f6schen.] <\/li>\n<\/ul>\n<\/li>\n\n\n\n<li>Links auf andere Webseiten<br>Wenn wir Links zu Webseiten anderer Organisationen bereitstellen, gilt  diese Datenschutzerkl\u00e4rung nicht f\u00fcr die Verarbeitung personenbezogener  Daten durch diese Organisation. Wir empfehlen Ihnen daher, die  Datenschutzhinweise auf den anderen von Ihnen besuchten Webseiten zu  lesen.  <br><\/li>\n<\/ol>\n\n\n\n<p><\/p>\n\n\n\n<p><\/p>\n\n\n\n<p><\/p>\n\n\n\n<p><\/p>\n\n\n\n<p><\/p>\n","protected":false},"excerpt":{"rendered":"<p>Datenschutzerkl\u00e4rung<\/p>\n","protected":false},"author":1,"featured_media":0,"parent":0,"menu_order":0,"comment_status":"closed","ping_status":"closed","template":"","meta":{"ngg_post_thumbnail":0},"_links":{"self":[{"href":"https:\/\/www.moerikeschule.de\/index.php?rest_route=\/wp\/v2\/pages\/3"}],"collection":[{"href":"https:\/\/www.moerikeschule.de\/index.php?rest_route=\/wp\/v2\/pages"}],"about":[{"href":"https:\/\/www.moerikeschule.de\/index.php?rest_route=\/wp\/v2\/types\/page"}],"author":[{"embeddable":true,"href":"https:\/\/www.moerikeschule.de\/index.php?rest_route=\/wp\/v2\/users\/1"}],"replies":[{"embeddable":true,"href":"https:\/\/www.moerikeschule.de\/index.php?rest_route=%2Fwp%2Fv2%2Fcomments&post=3"}],"version-history":[{"count":6,"href":"https:\/\/www.moerikeschule.de\/index.php?rest_route=\/wp\/v2\/pages\/3\/revisions"}],"predecessor-version":[{"id":858,"href":"https:\/\/www.moerikeschule.de\/index.php?rest_route=\/wp\/v2\/pages\/3\/revisions\/858"}],"wp:attachment":[{"href":"https:\/\/www.moerikeschule.de\/index.php?rest_route=%2Fwp%2Fv2%2Fmedia&parent=3"}],"curies":[{"name":"wp","href":"https:\/\/api.w.org\/{rel}","templated":true}]}}