{"id":346,"date":"2020-12-17T12:13:34","date_gmt":"2020-12-17T11:13:34","guid":{"rendered":"https:\/\/www.moerikeschule.de\/?page_id=346"},"modified":"2025-07-09T11:19:31","modified_gmt":"2025-07-09T09:19:31","slug":"ueber-uns","status":"publish","type":"page","link":"https:\/\/www.moerikeschule.de\/?page_id=346","title":{"rendered":"\u00dcber uns"},"content":{"rendered":"\n<p>Die M\u00f6rikeschule ist eine dreiz\u00fcgige Grundschule in Sondelfingen, einem Reutlinger Teilort mit etwa 6000 Einwohnern.<\/p>\n\n\n\n<div class=\"is-layout-flex wp-container-3 wp-block-columns\">\n<div class=\"is-layout-flow wp-block-column\">\n<p>Um die 286 Sch\u00fclerinnen und Sch\u00fcler werden von etwa 25 Lehrerinnen und Lehrern unterrichtet.<br>Zus\u00e4tzlich betreut werden die Sch\u00fclerinnen und Sch\u00fcler von einer Sozialp\u00e4dagogin.<br><\/p>\n\n\n\n<p>Schwerpunkte des Schulprofils der M\u00f6rikeschule sind Inklusion und Naturwissenschaft.<br>Letztgenannter Punkt wird durch eine Kooperation mit dem staatlichen Seminar f\u00fcr Didaktik und Lehrerbildung in N\u00fcrtingen begleitet.<br>Durch eine Kooperation mit \u00f6rtlichen Lesepaten werden die Kinder in ihrem Leseentwicklungsprozess unterst\u00fctzt.<\/p>\n<\/div>\n\n\n\n<div class=\"is-layout-flow wp-block-column\">\n<figure class=\"wp-block-image size-large\"><img decoding=\"async\" loading=\"lazy\" width=\"1024\" height=\"576\" src=\"data:image\/gif;base64,R0lGODlhAQABAAAAACH5BAEKAAEALAAAAAABAAEAAAICTAEAOw==\" data-layzr=\"https:\/\/www.moerikeschule.de\/wp-content\/uploads\/2020\/12\/Moerikeschule_Ueberuns_bild-1024x576.jpg\" alt=\"\" class=\"wp-image-397\" data-layzr-srcset=\"https:\/\/www.moerikeschule.de\/wp-content\/uploads\/2020\/12\/Moerikeschule_Ueberuns_bild-1024x576.jpg 1024w, https:\/\/www.moerikeschule.de\/wp-content\/uploads\/2020\/12\/Moerikeschule_Ueberuns_bild-300x169.jpg 300w, https:\/\/www.moerikeschule.de\/wp-content\/uploads\/2020\/12\/Moerikeschule_Ueberuns_bild-768x432.jpg 768w, https:\/\/www.moerikeschule.de\/wp-content\/uploads\/2020\/12\/Moerikeschule_Ueberuns_bild-600x338.jpg 600w, https:\/\/www.moerikeschule.de\/wp-content\/uploads\/2020\/12\/Moerikeschule_Ueberuns_bild-1536x864.jpg 1536w, https:\/\/www.moerikeschule.de\/wp-content\/uploads\/2020\/12\/Moerikeschule_Ueberuns_bild.jpg 1920w\" sizes=\"(max-width: 1024px) 100vw, 1024px\" \/><\/figure>\n<\/div>\n<\/div>\n\n\n\n<p>Ein F\u00f6rderverein unterst\u00fctzt die Arbeit an der Schule tatkr\u00e4ftig, organisiert die Schulsozialarbeit und betreut die Kinder in der Kernzeit der offenen Ganztagesschule. <br>Die Offene Ganztagesschule wird von F\u00f6rderverein, Lehrkr\u00e4ften, Jugendbegleitern und einer Kooperation mit dem \u00f6rtlichen Sportverein durchgef\u00fchrt.<\/p>\n\n\n\n<p>Unser Schulgeb\u00e4ude wird mitbenutzt von Vereinen, Volkshochschule, Musikschule, t\u00fcrkischer und italienischer Schule.<\/p>\n\n\n\n<p><\/p>\n\n\n\n<p><a href=\"https:\/\/www.kreis-reutlingen.de\/de\/Aktuelles\/Landkreis-aktuell\/Landkreis-aktuell?view=publish&amp;item=article&amp;id=2973\" data-type=\"URL\" data-id=\"https:\/\/www.kreis-reutlingen.de\/de\/Aktuelles\/Landkreis-aktuell\/Landkreis-aktuell?view=publish&amp;item=article&amp;id=2973\">Landratsamt Reutlingen (02.03.2023): &#8222;Wir sind eine Schule f\u00fcr alle&#8220;<\/a><\/p>\n\n\n\n<p><\/p>\n","protected":false},"excerpt":{"rendered":"<p>Die M\u00f6rikeschule ist eine dreiz\u00fcgige Grundschule in Sondelfingen, einem Reutlinger Teilort mit etwa 6000 Einwohnern. Um die 286 Sch\u00fclerinnen und Sch\u00fcler werden von etwa 25 Lehrerinnen und Lehrern unterrichtet.Zus\u00e4tzlich betreut werden die Sch\u00fclerinnen und Sch\u00fcler von einer Sozialp\u00e4dagogin. Schwerpunkte des Schulprofils der M\u00f6rikeschule sind Inklusion und Naturwissenschaft.Letztgenannter Punkt wird durch eine Kooperation mit dem staatlichen [&hellip;]<\/p>\n","protected":false},"author":1,"featured_media":0,"parent":0,"menu_order":0,"comment_status":"closed","ping_status":"closed","template":"","meta":{"ngg_post_thumbnail":0},"_links":{"self":[{"href":"https:\/\/www.moerikeschule.de\/index.php?rest_route=\/wp\/v2\/pages\/346"}],"collection":[{"href":"https:\/\/www.moerikeschule.de\/index.php?rest_route=\/wp\/v2\/pages"}],"about":[{"href":"https:\/\/www.moerikeschule.de\/index.php?rest_route=\/wp\/v2\/types\/page"}],"author":[{"embeddable":true,"href":"https:\/\/www.moerikeschule.de\/index.php?rest_route=\/wp\/v2\/users\/1"}],"replies":[{"embeddable":true,"href":"https:\/\/www.moerikeschule.de\/index.php?rest_route=%2Fwp%2Fv2%2Fcomments&post=346"}],"version-history":[{"count":19,"href":"https:\/\/www.moerikeschule.de\/index.php?rest_route=\/wp\/v2\/pages\/346\/revisions"}],"predecessor-version":[{"id":1092,"href":"https:\/\/www.moerikeschule.de\/index.php?rest_route=\/wp\/v2\/pages\/346\/revisions\/1092"}],"wp:attachment":[{"href":"https:\/\/www.moerikeschule.de\/index.php?rest_route=%2Fwp%2Fv2%2Fmedia&parent=346"}],"curies":[{"name":"wp","href":"https:\/\/api.w.org\/{rel}","templated":true}]}}