{"id":349,"date":"2020-12-18T16:12:58","date_gmt":"2020-12-18T15:12:58","guid":{"rendered":"https:\/\/www.moerikeschule.de\/?page_id=349"},"modified":"2025-12-07T17:12:36","modified_gmt":"2025-12-07T16:12:36","slug":"klassen-und-kollegium","status":"publish","type":"page","link":"https:\/\/www.moerikeschule.de\/?page_id=349","title":{"rendered":"Klassen und Kollegium"},"content":{"rendered":"\n<figure class=\"is-layout-flex wp-block-gallery-1 wp-block-gallery has-nested-images columns-default is-cropped\">\n<figure class=\"wp-block-image size-large\"><img decoding=\"async\" loading=\"lazy\" width=\"1024\" height=\"683\" data-id=\"1121\"  src=\"data:image\/gif;base64,R0lGODlhAQABAAAAACH5BAEKAAEALAAAAAABAAEAAAICTAEAOw==\" data-layzr=\"https:\/\/www.moerikeschule.de\/wp-content\/uploads\/2025\/12\/Digital_Kollegiumsfoto-1024x683.jpg\" alt=\"\" class=\"wp-image-1121\" data-layzr-srcset=\"https:\/\/www.moerikeschule.de\/wp-content\/uploads\/2025\/12\/Digital_Kollegiumsfoto-1024x683.jpg 1024w, https:\/\/www.moerikeschule.de\/wp-content\/uploads\/2025\/12\/Digital_Kollegiumsfoto-300x200.jpg 300w, https:\/\/www.moerikeschule.de\/wp-content\/uploads\/2025\/12\/Digital_Kollegiumsfoto-768x512.jpg 768w, https:\/\/www.moerikeschule.de\/wp-content\/uploads\/2025\/12\/Digital_Kollegiumsfoto-600x400.jpg 600w, https:\/\/www.moerikeschule.de\/wp-content\/uploads\/2025\/12\/Digital_Kollegiumsfoto-1536x1024.jpg 1536w, https:\/\/www.moerikeschule.de\/wp-content\/uploads\/2025\/12\/Digital_Kollegiumsfoto-2048x1365.jpg 2048w\" sizes=\"(max-width: 1024px) 100vw, 1024px\" \/><\/figure>\n<\/figure>\n\n\n\n<p><strong>Die Klassenaufteilung f\u00fcr das Schuljahr 2025\/26:<\/strong><\/p>\n\n\n\n<p><em><u>Klassenlehrerinnen:<\/u><\/em><\/p>\n\n\n\n<p>Klasse 1a: Frau Schuischel \/ Frau Hildenbrandt<br>Klasse 1b: Herr Nie\u00dfer<br>Klasse 1c: Frau Weikert<br>Klasse 1d: Frau Vihl<\/p>\n\n\n\n<p>Klasse 2a: Frau G\u00fcrel \/ Frau Mehrmann<br>Klasse 2b: Herr K\u00fcfer<br>Klasse 2c: Frau Bakir<\/p>\n\n\n\n<p>Klasse 3a: Frau Dirr<br>Klasse 3b: Frau Civelek<br>Klasse 3c: Frau Jehle<\/p>\n\n\n\n<p>Klasse 4a: Herr H\u00fclser \/ Frau Steinbei\u00dfer<br>Klasse 4b: Frau Holz\u00e4pfel<br>Klasse 4c: Frau Rolle<\/p>\n\n\n\n<p><em><u>Weitere Lehrerinnen und Lehrer:<\/u><\/em><\/p>\n\n\n\n<p>Frau B\u00e4uchle, Frau Bl\u00fcmmert, Frau Grammlich-Hendel, Frau Hummel, Frau Hamidovic, Frau Mohl, Frau M\u00fcller-Roeder, Frau Riegerth-Kloth, Frau Reichenecker, Frau Rudolph, Frau S\u00e1ndorn\u00e9 und Frau Ullmann-Rau,   .<\/p>\n","protected":false},"excerpt":{"rendered":"<p>Die Klassenaufteilung f\u00fcr das Schuljahr 2025\/26: Klassenlehrerinnen: Klasse 1a: Frau Schuischel \/ Frau HildenbrandtKlasse 1b: Herr Nie\u00dferKlasse 1c: Frau WeikertKlasse 1d: Frau Vihl Klasse 2a: Frau G\u00fcrel \/ Frau MehrmannKlasse 2b: Herr K\u00fcferKlasse 2c: Frau Bakir Klasse 3a: Frau DirrKlasse 3b: Frau CivelekKlasse 3c: Frau Jehle Klasse 4a: Herr H\u00fclser \/ Frau Steinbei\u00dferKlasse 4b: Frau [&hellip;]<\/p>\n","protected":false},"author":1,"featured_media":0,"parent":0,"menu_order":0,"comment_status":"closed","ping_status":"closed","template":"","meta":{"ngg_post_thumbnail":0},"_links":{"self":[{"href":"https:\/\/www.moerikeschule.de\/index.php?rest_route=\/wp\/v2\/pages\/349"}],"collection":[{"href":"https:\/\/www.moerikeschule.de\/index.php?rest_route=\/wp\/v2\/pages"}],"about":[{"href":"https:\/\/www.moerikeschule.de\/index.php?rest_route=\/wp\/v2\/types\/page"}],"author":[{"embeddable":true,"href":"https:\/\/www.moerikeschule.de\/index.php?rest_route=\/wp\/v2\/users\/1"}],"replies":[{"embeddable":true,"href":"https:\/\/www.moerikeschule.de\/index.php?rest_route=%2Fwp%2Fv2%2Fcomments&post=349"}],"version-history":[{"count":31,"href":"https:\/\/www.moerikeschule.de\/index.php?rest_route=\/wp\/v2\/pages\/349\/revisions"}],"predecessor-version":[{"id":1123,"href":"https:\/\/www.moerikeschule.de\/index.php?rest_route=\/wp\/v2\/pages\/349\/revisions\/1123"}],"wp:attachment":[{"href":"https:\/\/www.moerikeschule.de\/index.php?rest_route=%2Fwp%2Fv2%2Fmedia&parent=349"}],"curies":[{"name":"wp","href":"https:\/\/api.w.org\/{rel}","templated":true}]}}