{"id":353,"date":"2020-12-17T17:08:02","date_gmt":"2020-12-17T16:08:02","guid":{"rendered":"https:\/\/www.moerikeschule.de\/?page_id=353"},"modified":"2025-09-29T20:42:13","modified_gmt":"2025-09-29T18:42:13","slug":"infos-und-termine","status":"publish","type":"page","link":"https:\/\/www.moerikeschule.de\/?page_id=353","title":{"rendered":"Infos und Termine"},"content":{"rendered":"\n<div class=\"is-layout-flex wp-container-3 wp-block-columns\">\n<div class=\"is-layout-flow wp-block-column\" style=\"flex-basis:25%\">\n<h3>Wichtige Termine<br>2025\/2026<\/h3>\n\n\n<div class=\"wp-block-image\">\n<figure class=\"alignleft size-large is-resized\"><img decoding=\"async\" loading=\"lazy\" src=\"data:image\/gif;base64,R0lGODlhAQABAAAAACH5BAEKAAEALAAAAAABAAEAAAICTAEAOw==\" data-layzr=\"https:\/\/www.moerikeschule.de\/wp-content\/uploads\/2020\/03\/calendar-152046_1280-944x1024.png\" alt=\"\" class=\"wp-image-83\" width=\"147\" height=\"160\" data-layzr-srcset=\"https:\/\/www.moerikeschule.de\/wp-content\/uploads\/2020\/03\/calendar-152046_1280-944x1024.png 944w, https:\/\/www.moerikeschule.de\/wp-content\/uploads\/2020\/03\/calendar-152046_1280-277x300.png 277w, https:\/\/www.moerikeschule.de\/wp-content\/uploads\/2020\/03\/calendar-152046_1280-768x833.png 768w, https:\/\/www.moerikeschule.de\/wp-content\/uploads\/2020\/03\/calendar-152046_1280.png 1180w\" sizes=\"(max-width: 147px) 100vw, 147px\" \/><\/figure><\/div><\/div>\n\n\n\n<div class=\"is-layout-flow wp-block-column\" style=\"flex-basis:75%\">\n<p><\/p>\n\n\n\n<p><\/p>\n\n\n\n<p><\/p>\n\n\n\n<figure class=\"wp-block-table is-style-stripes\"><table><thead><tr><th class=\"has-text-align-center\" data-align=\"center\">Mo\u00adnat<\/th><th class=\"has-text-align-left\" data-align=\"left\">Da\u00adtum<\/th><th>Weitere Infos<\/th><\/tr><\/thead><tbody><tr><td class=\"has-text-align-center\" data-align=\"center\">Septem\u00adber  <\/td><td class=\"has-text-align-left\" data-align=\"left\">15.09.2025   <\/td><td><strong>Schul\u00adbeginn:<\/strong><em><br>8:00 Uhr f\u00fcr Klassen 2-4<\/em><\/td><\/tr><tr><td class=\"has-text-align-center\" data-align=\"center\"><\/td><td class=\"has-text-align-left\" data-align=\"left\">18.09.2025<\/td><td><em><strong>1. Schul\u00adtag<\/strong> f\u00fcr Klasse 1<\/em><\/td><\/tr><tr><td class=\"has-text-align-center\" data-align=\"center\">Oktober\/<br>November<\/td><td class=\"has-text-align-left\" data-align=\"left\">03.10.2025<\/td><td>Tag der deutschen Einheit<\/td><\/tr><tr><td class=\"has-text-align-center\" data-align=\"center\"><\/td><td class=\"has-text-align-left\" data-align=\"left\">06.10.2025<\/td><td>Beginn AG\u00b4s<\/td><\/tr><tr><td class=\"has-text-align-center\" data-align=\"center\"><\/td><td class=\"has-text-align-left\" data-align=\"left\">17.10.2025<\/td><td>Schulrat<\/td><\/tr><tr><td class=\"has-text-align-center\" data-align=\"center\"><\/td><td class=\"has-text-align-left\" data-align=\"left\">21.10.2025<\/td><td>Helfertag<\/td><\/tr><tr><td class=\"has-text-align-center\" data-align=\"center\"><\/td><td class=\"has-text-align-left\" data-align=\"left\">22.10.2025<\/td><td>Eishallentag<\/td><\/tr><tr><td class=\"has-text-align-center\" data-align=\"center\"><\/td><td class=\"has-text-align-left\" data-align=\"left\">27.10.-<br>31.11.2025<\/td><td><em>Herbst\u00adferien<\/em><br><strong>Schulbeginn:<\/strong> 03.11.2025, 8:00Uhr<\/td><\/tr><tr><td class=\"has-text-align-center\" data-align=\"center\">November<\/td><td class=\"has-text-align-left\" data-align=\"left\">03.11.2025<\/td><td>P\u00e4dagogischer Tag<\/td><\/tr><tr><td class=\"has-text-align-center\" data-align=\"center\"><\/td><td class=\"has-text-align-left\" data-align=\"left\">22.11.2025<\/td><td>RaiBa &#8211; Adventsbazar<br>14:00 &#8211; 17:00Uhr<\/td><\/tr><tr><td class=\"has-text-align-center\" data-align=\"center\"><\/td><td class=\"has-text-align-left\" data-align=\"left\">28.11.2025<\/td><td>Handball-Aktionstag Klasse 2<\/td><\/tr><tr><td class=\"has-text-align-center\" data-align=\"center\">Dezember\/<br>Januar<\/td><td class=\"has-text-align-left\" data-align=\"left\">22.12.2025-<br>06.01.2026<\/td><td><em>Weih\u00adnachts\u00adferien<\/em><br><strong>Schulbeginn:<\/strong> 07.01.2026, 8:00Uhr<\/td><\/tr><tr><td class=\"has-text-align-center\" data-align=\"center\"><\/td><td class=\"has-text-align-left\" data-align=\"left\">23.01.2026<\/td><td>Schulrat <\/td><\/tr><tr><td class=\"has-text-align-center\" data-align=\"center\"><\/td><td class=\"has-text-align-left\" data-align=\"left\">27.01.2026<\/td><td>Info &#8211; Elternabend<br>neue Erstkl\u00e4sslerInnen 2026<br>Beginn 18:00Uhr<\/td><\/tr><tr><td class=\"has-text-align-center\" data-align=\"center\"><\/td><td class=\"has-text-align-left\" data-align=\"left\">30.01.2026<\/td><td>Ende des ersten Schulhalbjahres<\/td><\/tr><tr><td class=\"has-text-align-center\" data-align=\"center\">Februar<\/td><td class=\"has-text-align-left\" data-align=\"left\">11.02.2026<\/td><td>Schwimmtag Klasse 4<\/td><\/tr><tr><td class=\"has-text-align-center\" data-align=\"center\"><\/td><td class=\"has-text-align-left\" data-align=\"left\">13.02.2026<\/td><td>Leerung Fundkisten<\/td><\/tr><tr><td class=\"has-text-align-center\" data-align=\"center\"><\/td><td class=\"has-text-align-left\" data-align=\"left\">16.02.-<br>20.02.2026<\/td><td><em>Faschingsferien<\/em><br><strong>Schulbeginn:<\/strong> 23.02.2026, 8:00Uhr<\/td><\/tr><tr><td class=\"has-text-align-center\" data-align=\"center\"><\/td><td class=\"has-text-align-left\" data-align=\"left\">23.02.2026<\/td><td>Schulanmeldung neue Erstkl\u00e4sslerInnen (SJ 26\/27)<\/td><\/tr><tr><td class=\"has-text-align-center\" data-align=\"center\">M\u00e4rz\/<br>April<\/td><td class=\"has-text-align-left\" data-align=\"left\">30.03.-<br>10.04.2026<\/td><td>Osterferien<br><strong>Schulbeginn:<\/strong> 13.03.2026, 8:00Uhr<\/td><\/tr><tr><td class=\"has-text-align-center\" data-align=\"center\">   Mai  <\/td><td class=\"has-text-align-left\" data-align=\"left\">01.05.2026  <\/td><td><em>Tag der Arbeit<\/em><\/td><\/tr><tr><td class=\"has-text-align-center\" data-align=\"center\"><\/td><td class=\"has-text-align-left\" data-align=\"left\">14.05.2026<\/td><td><em>Christi Himmelfahrt<\/em><\/td><\/tr><tr><td class=\"has-text-align-center\" data-align=\"center\"><\/td><td class=\"has-text-align-left\" data-align=\"left\">15.05.2026<\/td><td>Br\u00fcckentag<\/td><\/tr><tr><td class=\"has-text-align-center\" data-align=\"center\"><\/td><td class=\"has-text-align-left\" data-align=\"left\">20.05.2026<\/td><td>Ersatztermin Bundesjugendspiele<\/td><\/tr><tr><td class=\"has-text-align-center\" data-align=\"center\"><\/td><td class=\"has-text-align-left\" data-align=\"left\">06.05.2026<\/td><td>Bundesjugendspiele<\/td><\/tr><tr><td class=\"has-text-align-center\" data-align=\"center\"><\/td><td class=\"has-text-align-left\" data-align=\"left\">25.05.- <br>05.06.2026<\/td><td><em>Pfingst\u00adferien<\/em><br><strong>Schulbeginn:<\/strong> 08.06.2026, 8:00Uhr<\/td><\/tr><tr><td class=\"has-text-align-center\" data-align=\"center\">Juni<\/td><td class=\"has-text-align-left\" data-align=\"left\">16.06.2026   <\/td><td>Schulausflug<\/td><\/tr><tr><td class=\"has-text-align-center\" data-align=\"center\"><\/td><td class=\"has-text-align-left\" data-align=\"left\">23.06.2026<\/td><td>Ersatztermin Schulausflug<\/td><\/tr><tr><td class=\"has-text-align-center\" data-align=\"center\">Julo<\/td><td class=\"has-text-align-left\" data-align=\"left\">20.07.2026<\/td><td>Fu\u00dfballturnier<\/td><\/tr><tr><td class=\"has-text-align-center\" data-align=\"center\"><\/td><td class=\"has-text-align-left\" data-align=\"left\">24.07.2026<\/td><td>Zeugnisausgabe<\/td><\/tr><tr><td class=\"has-text-align-center\" data-align=\"center\"><\/td><td class=\"has-text-align-left\" data-align=\"left\">27.07.2026<\/td><td>2-Felder-Ball-Turnier<\/td><\/tr><tr><td class=\"has-text-align-center\" data-align=\"center\"><\/td><td class=\"has-text-align-left\" data-align=\"left\">29.07.2026<\/td><td>Leerung Fundkisten<\/td><\/tr><tr><td class=\"has-text-align-center\" data-align=\"center\"><\/td><td class=\"has-text-align-left\" data-align=\"left\">30.07.2026 \u2013 11.09.2026<\/td><td><em>Sommer\u00adferien<\/em><\/td><\/tr><tr><td class=\"has-text-align-center\" data-align=\"center\">\n  Sep\u00adtem\u00adber\n  <\/td><td class=\"has-text-align-left\" data-align=\"left\">14.09.2026   <\/td><td><strong>erster Schultag nach den Sommerferien: <\/strong><em><br>8:00-11:25Uhr f\u00fcr Klassen 2-4   <\/em><\/td><\/tr><tr><td class=\"has-text-align-center\" data-align=\"center\"><\/td><td class=\"has-text-align-left\" data-align=\"left\">14.09. &#8211; <br>16.09.2026<\/td><td>ABC-Tage (neue Erstkl\u00e4ssler*innen)<\/td><\/tr><tr><td class=\"has-text-align-center\" data-align=\"center\"><\/td><td class=\"has-text-align-left\" data-align=\"left\">15.09.2025<\/td><td>erster Elternabend 1. Klasse<br>19:30Uhr<\/td><\/tr><tr><td class=\"has-text-align-center\" data-align=\"center\"><\/td><td class=\"has-text-align-left\" data-align=\"left\">17.09.2025<\/td><td><em><strong>Einschulungsfeier<\/strong><\/em><br>  9:30Uhr interrreligi\u00f6se Einschulungsfeier<br>10:15Uhr Aufnahmefeier f\u00fcr Schulanf\u00e4ngerInnen<\/td><\/tr><tr><td class=\"has-text-align-center\" data-align=\"center\"><\/td><td class=\"has-text-align-left\" data-align=\"left\">18.09.2025<\/td><td><em><strong>1. Schultag<\/strong> f\u00fcr Klasse 1<\/em><\/td><\/tr><\/tbody><\/table><\/figure>\n<\/div>\n<\/div>\n\n\n\n<h3 id=\"block-c5e274f5-e36c-4606-b784-916a0ae13945\">Altpapier<br>2025\/2026<\/h3>\n\n\n\n<p>Wir sammeln gemeinsam Altpapier. Der Erl\u00f6s kommt dabei der Schule zu Gute. Hierzu steht in den folgenden Wochen ein blauer Container auf dem oberen Lehrerparkplatz.<\/p>\n\n\n\n<p>Bitte den Container \u00f6ffnen und von hinten nach vorne bef\u00fcllen &#8211; nichts davor stellen.<\/p>\n\n\n\n<div class=\"is-layout-flex wp-container-6 wp-block-columns\">\n<div class=\"is-layout-flow wp-block-column\" style=\"flex-basis:25%\">\n<figure class=\"wp-block-image size-large is-resized\"><img decoding=\"async\" src=\"data:image\/gif;base64,R0lGODlhAQABAAAAACH5BAEKAAEALAAAAAABAAEAAAICTAEAOw==\" data-layzr=\"https:\/\/www.moerikeschule.de\/wp-content\/uploads\/2020\/03\/egg-carton-4046693_1920-e1584985732580-1024x868.jpg\" alt=\"\" class=\"wp-image-84\" width=\"155\" data-layzr-srcset=\"https:\/\/www.moerikeschule.de\/wp-content\/uploads\/2020\/03\/egg-carton-4046693_1920-e1584985732580-1024x868.jpg 1024w, https:\/\/www.moerikeschule.de\/wp-content\/uploads\/2020\/03\/egg-carton-4046693_1920-e1584985732580-300x254.jpg 300w, https:\/\/www.moerikeschule.de\/wp-content\/uploads\/2020\/03\/egg-carton-4046693_1920-e1584985732580-768x651.jpg 768w, https:\/\/www.moerikeschule.de\/wp-content\/uploads\/2020\/03\/egg-carton-4046693_1920-e1584985732580.jpg 1512w\" sizes=\"(max-width: 1024px) 100vw, 1024px\" \/><\/figure>\n<\/div>\n\n\n\n<div class=\"is-layout-flow wp-block-column\" style=\"flex-basis:75%\">\n<figure class=\"wp-block-table is-style-stripes\"><table><tbody><tr><td>Oktober                         06.06. &#8211; 13.10.2025<\/td><td><\/td><\/tr><tr><td>Dezember                      08.12. &#8211; 15.12.2025<\/td><td><\/td><\/tr><tr><td>M\u00e4rz                               09.03. &#8211; 16.03.2026<\/td><td><\/td><\/tr><tr><td>Mai                                 11.05. &#8211; 18.05.2026<\/td><td><\/td><\/tr><tr><td>Juli\/August                      20.07. &#8211; 03.08.2026<\/td><td><\/td><\/tr><tr><td>Oktober                           05.10. &#8211; 12.10.2026<\/td><td><\/td><\/tr><tr><td>Dezember                        07.12. &#8211; 14.12.2026<\/td><td><\/td><\/tr><\/tbody><\/table><\/figure>\n<\/div>\n<\/div>\n\n\n\n<div class=\"is-layout-flex wp-container-9 wp-block-columns\">\n<div class=\"is-layout-flow wp-block-column\" style=\"flex-basis:66.66%\">\n<p><\/p>\n<\/div>\n\n\n\n<div class=\"is-layout-flow wp-block-column\" style=\"flex-basis:33.33%\">\n<div style=\"height:70px\" aria-hidden=\"true\" class=\"wp-block-spacer\"><\/div>\n<\/div>\n<\/div>\n\n\n\n<p><\/p>\n","protected":false},"excerpt":{"rendered":"<p>Wichtige Termine2025\/2026 Mo\u00adnat Da\u00adtum Weitere Infos Septem\u00adber 15.09.2025 Schul\u00adbeginn:8:00 Uhr f\u00fcr Klassen 2-4 18.09.2025 1. Schul\u00adtag f\u00fcr Klasse 1 Oktober\/November 03.10.2025 Tag der deutschen Einheit 06.10.2025 Beginn AG\u00b4s 17.10.2025 Schulrat 21.10.2025 Helfertag 22.10.2025 Eishallentag 27.10.-31.11.2025 Herbst\u00adferienSchulbeginn: 03.11.2025, 8:00Uhr November 03.11.2025 P\u00e4dagogischer Tag 22.11.2025 RaiBa &#8211; Adventsbazar14:00 &#8211; 17:00Uhr 28.11.2025 Handball-Aktionstag Klasse 2 Dezember\/Januar 22.12.2025-06.01.2026 Weih\u00adnachts\u00adferienSchulbeginn: [&hellip;]<\/p>\n","protected":false},"author":1,"featured_media":0,"parent":0,"menu_order":0,"comment_status":"closed","ping_status":"closed","template":"","meta":{"ngg_post_thumbnail":0},"_links":{"self":[{"href":"https:\/\/www.moerikeschule.de\/index.php?rest_route=\/wp\/v2\/pages\/353"}],"collection":[{"href":"https:\/\/www.moerikeschule.de\/index.php?rest_route=\/wp\/v2\/pages"}],"about":[{"href":"https:\/\/www.moerikeschule.de\/index.php?rest_route=\/wp\/v2\/types\/page"}],"author":[{"embeddable":true,"href":"https:\/\/www.moerikeschule.de\/index.php?rest_route=\/wp\/v2\/users\/1"}],"replies":[{"embeddable":true,"href":"https:\/\/www.moerikeschule.de\/index.php?rest_route=%2Fwp%2Fv2%2Fcomments&post=353"}],"version-history":[{"count":50,"href":"https:\/\/www.moerikeschule.de\/index.php?rest_route=\/wp\/v2\/pages\/353\/revisions"}],"predecessor-version":[{"id":1118,"href":"https:\/\/www.moerikeschule.de\/index.php?rest_route=\/wp\/v2\/pages\/353\/revisions\/1118"}],"wp:attachment":[{"href":"https:\/\/www.moerikeschule.de\/index.php?rest_route=%2Fwp%2Fv2%2Fmedia&parent=353"}],"curies":[{"name":"wp","href":"https:\/\/api.w.org\/{rel}","templated":true}]}}