{"id":357,"date":"2020-12-17T17:09:27","date_gmt":"2020-12-17T16:09:27","guid":{"rendered":"https:\/\/www.moerikeschule.de\/?page_id=357"},"modified":"2025-12-07T17:11:29","modified_gmt":"2025-12-07T16:11:29","slug":"kontakt","status":"publish","type":"page","link":"https:\/\/www.moerikeschule.de\/?page_id=357","title":{"rendered":"Kontakt"},"content":{"rendered":"\n<p><\/p>\n\n\n\n<div class=\"is-layout-flex wp-container-6 wp-block-columns\">\n<div class=\"is-layout-flow wp-block-column\" style=\"flex-basis:25%\">\n<h3>Kontakt<\/h3>\n\n\n\n<figure class=\"wp-block-image size-large is-resized\"><img decoding=\"async\" loading=\"lazy\" src=\"data:image\/gif;base64,R0lGODlhAQABAAAAACH5BAEKAAEALAAAAAABAAEAAAICTAEAOw==\" data-layzr=\"https:\/\/www.moerikeschule.de\/wp-content\/uploads\/2020\/03\/icons-1831922_1280-1019x1024.png\" alt=\"\" class=\"wp-image-85\" width=\"120\" height=\"103\"\/><\/figure>\n<\/div>\n\n\n\n<div class=\"is-layout-flow wp-block-column\" style=\"flex-basis:75%\">\n<figure class=\"wp-block-table is-style-stripes\"><table class=\"has-fixed-layout\"><thead><tr><th class=\"has-text-align-left\" data-align=\"left\"><\/th><th class=\"has-text-align-left\" data-align=\"left\">Name<\/th><th class=\"has-text-align-left\" data-align=\"left\">Zimmer\/Kontakt<\/th><\/tr><\/thead><tbody><tr><td class=\"has-text-align-left\" data-align=\"left\">Schul\u00adleiterin<\/td><td class=\"has-text-align-left\" data-align=\"left\">Fr. Turki<\/td><td class=\"has-text-align-left\" data-align=\"left\">HG 2<br>stephanie.turki<br>@reutlingen.de<\/td><\/tr><tr><td class=\"has-text-align-left\" data-align=\"left\">Kon\u00adrektorin<\/td><td class=\"has-text-align-left\" data-align=\"left\">Fr. Reichenecker<\/td><td class=\"has-text-align-left\" data-align=\"left\">HG 1a<br>jasmin.reichenecker<br>@reutlingen.de<\/td><\/tr><tr><td class=\"has-text-align-left\" data-align=\"left\">Sekre\u00adtariat<br>(telefonisch erreichbar)<br><em>Mo-<\/em>Fr<br><em>9:00-11:30 Uhr<\/em><\/td><td class=\"has-text-align-left\" data-align=\"left\">Fr. Zeragaber<br><\/td><td class=\"has-text-align-left\" data-align=\"left\">HG 3<br>moerikeschule<br>@reutlingen.de<br>Tel.: 07121 303-4556<\/td><\/tr><tr><td class=\"has-text-align-left\" data-align=\"left\">Haus\u00adverwal\u00adtung<\/td><td class=\"has-text-align-left\" data-align=\"left\">Hr. M\u00fc\u00dfle<\/td><td class=\"has-text-align-left\" data-align=\"left\">HG 1<\/td><\/tr><tr><td class=\"has-text-align-left\" data-align=\"left\">Schulsozialarbeit<\/td><td class=\"has-text-align-left\" data-align=\"left\">Fr. Schmitz<\/td><td class=\"has-text-align-left\" data-align=\"left\">HG 5<br>ingrid.schmitz<br>@reutlingen.de<br>Tel.: 07121 303-2266<\/td><\/tr><tr><td class=\"has-text-align-left\" data-align=\"left\">F\u00f6rder\u00adverein<\/td><td class=\"has-text-align-left\" data-align=\"left\">Fr. Mehrmann<\/td><td class=\"has-text-align-left\" data-align=\"left\">Tel.: <br>0176 30701053<br>Email: <a href=\"mailto:kontakt@foerderverein-moerikeschule.de\">kontakt@foerderverein-moerikeschule.de<\/a><\/td><\/tr><\/tbody><\/table><\/figure>\n\n\n\n<p><\/p>\n\n\n\n<div class=\"is-layout-flex wp-container-4 wp-block-columns\">\n<div class=\"is-layout-flow wp-block-column\">\n<p><strong>Postadresse:<\/strong><br>M\u00f6rikeschule GS<br>Schleestra\u00dfe 30<br>72766 Reutlingen<\/p>\n<\/div>\n\n\n\n<div class=\"is-layout-flow wp-block-column\">\n<p>Email:<br><a href=\"mailto:moerikeschule@reutlingen.de\">moerikeschule@reutlingen.de<\/a><br>Tel.: (07121) 3034556<br>Fax: (07121) 3034557<\/p>\n<\/div>\n<\/div>\n\n\n\n<p><\/p>\n<\/div>\n<\/div>\n","protected":false},"excerpt":{"rendered":"<p>Kontakt Name Zimmer\/Kontakt Schul\u00adleiterin Fr. Turki HG 2stephanie.turki@reutlingen.de Kon\u00adrektorin Fr. Reichenecker HG 1ajasmin.reichenecker@reutlingen.de Sekre\u00adtariat(telefonisch erreichbar)Mo-Fr9:00-11:30 Uhr Fr. Zeragaber HG 3moerikeschule@reutlingen.deTel.: 07121 303-4556 Haus\u00adverwal\u00adtung Hr. M\u00fc\u00dfle HG 1 Schulsozialarbeit Fr. Schmitz HG 5ingrid.schmitz@reutlingen.deTel.: 07121 303-2266 F\u00f6rder\u00adverein Fr. Mehrmann Tel.: 0176 30701053Email: kontakt@foerderverein-moerikeschule.de Postadresse:M\u00f6rikeschule GSSchleestra\u00dfe 3072766 Reutlingen Email:moerikeschule@reutlingen.deTel.: (07121) 3034556Fax: (07121) 3034557<\/p>\n","protected":false},"author":1,"featured_media":0,"parent":0,"menu_order":0,"comment_status":"closed","ping_status":"closed","template":"","meta":{"ngg_post_thumbnail":0},"_links":{"self":[{"href":"https:\/\/www.moerikeschule.de\/index.php?rest_route=\/wp\/v2\/pages\/357"}],"collection":[{"href":"https:\/\/www.moerikeschule.de\/index.php?rest_route=\/wp\/v2\/pages"}],"about":[{"href":"https:\/\/www.moerikeschule.de\/index.php?rest_route=\/wp\/v2\/types\/page"}],"author":[{"embeddable":true,"href":"https:\/\/www.moerikeschule.de\/index.php?rest_route=\/wp\/v2\/users\/1"}],"replies":[{"embeddable":true,"href":"https:\/\/www.moerikeschule.de\/index.php?rest_route=%2Fwp%2Fv2%2Fcomments&post=357"}],"version-history":[{"count":16,"href":"https:\/\/www.moerikeschule.de\/index.php?rest_route=\/wp\/v2\/pages\/357\/revisions"}],"predecessor-version":[{"id":1120,"href":"https:\/\/www.moerikeschule.de\/index.php?rest_route=\/wp\/v2\/pages\/357\/revisions\/1120"}],"wp:attachment":[{"href":"https:\/\/www.moerikeschule.de\/index.php?rest_route=%2Fwp%2Fv2%2Fmedia&parent=357"}],"curies":[{"name":"wp","href":"https:\/\/api.w.org\/{rel}","templated":true}]}}