{"id":583,"date":"2022-04-27T15:09:14","date_gmt":"2022-04-27T13:09:14","guid":{"rendered":"https:\/\/www.moerikeschule.de\/?page_id=583"},"modified":"2024-03-04T20:19:57","modified_gmt":"2024-03-04T19:19:57","slug":"spospito","status":"publish","type":"page","link":"https:\/\/www.moerikeschule.de\/?page_id=583","title":{"rendered":"SpoSpiTo"},"content":{"rendered":"\n<h2>Laufend zu mehr Gesundheit und Klimaschutz<\/h2>\n\n\n<div class=\"wp-block-image\">\n<figure class=\"alignright size-full is-resized\"><img decoding=\"async\" loading=\"lazy\" src=\"data:image\/gif;base64,R0lGODlhAQABAAAAACH5BAEKAAEALAAAAAABAAEAAAICTAEAOw==\" data-layzr=\"https:\/\/www.moerikeschule.de\/wp-content\/uploads\/2023\/03\/2-logo-spospito-bewegungspass-1.png\" alt=\"\" class=\"wp-image-674\" width=\"341\" height=\"227\" data-layzr-srcset=\"https:\/\/www.moerikeschule.de\/wp-content\/uploads\/2023\/03\/2-logo-spospito-bewegungspass-1.png 768w, https:\/\/www.moerikeschule.de\/wp-content\/uploads\/2023\/03\/2-logo-spospito-bewegungspass-1-300x200.png 300w, https:\/\/www.moerikeschule.de\/wp-content\/uploads\/2023\/03\/2-logo-spospito-bewegungspass-1-600x400.png 600w\" sizes=\"(max-width: 341px) 100vw, 341px\" \/><\/figure><\/div>\n\n\n<p> Wir machen mit bei dem Projekt &#8222;SpoSpiTo-Bewegungs-Pass 2024&#8220;. <\/p>\n\n\n\n<p><strong>Aktionsende und R\u00fcckgabe bis Dienstag, 13.05.2024.<\/strong><\/p>\n\n\n\n<p>Warum haben wir uns dazu entschieden?<\/p>\n\n\n\n<p>Viele Eltern bringen ihre Kinder mit dem Auto zur Schule, weil das vermeintlich sicherer ist. Doch der Bring-und Holverkehr vor unserer Schule f\u00fchrt immer wieder zu gef\u00e4hrlichen Verkehrssituationen. Das Projekt ist eine gute Gelegenheit auszuprobieren, ob es auch ohne Auto geht.<\/p>\n\n\n\n<h2>Die Herausforderung<\/h2>\n\n\n\n<p>Jedes Kind erh\u00e4lt einen SpoSpiTo-Bewegungs-Pass. F\u00fcr jeden Tag innerhalb des Projektzeitraums von 6 Wochen, an dem ein Kind den Weg (Hin-und R\u00fcckweg) zur Schule zu Fu\u00df, mit dem Tretroller oder mit dem Fahrrad (erst nach der Verkehrspr\u00fcfung) zur\u00fcckgelegt hat (gerne in Begleitung eines Elternteils), d\u00fcrfen die Eltern eine Unterschrift in eine entsprechende Tabelle setzen. Ist die Tabelle mit 20 Unterschriften gef\u00fcllt, kann der SpoSpiTo-Bewegungs-Pass beim Sekretariat \/ bei der Klassenlehrkraft abgegeben werden. Daf\u00fcr erh\u00e4lt jedes Kind eine SpoSpiTo-Urkunde!!<\/p>\n\n\n\n<p>Zus\u00e4tzlich nehmen vollst\u00e4ndig ausgef\u00fcllte Bewegungsp\u00e4sse (mit 20 Unterschriften) an einer gro\u00dfen Verlosung teil. Es werden Preise im Wert von 20.000,\u2013 Euro verlost.<\/p>\n\n\n\n<div class=\"is-layout-flex wp-container-3 wp-block-columns\">\n<div class=\"is-layout-flow wp-block-column\">\n<p><strong>Zu gewinnen gibt es:<\/strong><\/p>\n\n\n\n<ul>\n<li>400 Gutscheine im Wert von jeweils 20 Euro von DECATHLON<\/li>\n\n\n\n<li>67 Scooter Up 200 von HUDORA<\/li>\n\n\n\n<li>100 Kinderrucks\u00e4cke von VAUDE.<\/li>\n<\/ul>\n\n\n\n<p>Die Preise jedenfalls haben&#8217;s in sich.<\/p>\n<\/div>\n\n\n\n<div class=\"is-layout-flow wp-block-column\">\n<figure class=\"wp-block-image size-large is-resized\"><img decoding=\"async\" loading=\"lazy\" src=\"data:image\/gif;base64,R0lGODlhAQABAAAAACH5BAEKAAEALAAAAAABAAEAAAICTAEAOw==\" data-layzr=\"https:\/\/www.moerikeschule.de\/wp-content\/uploads\/2024\/03\/3-gewinnspiel-spospito-bewegungspass-2024-1024x1024.jpg\" alt=\"\" class=\"wp-image-924\" width=\"406\" height=\"406\" data-layzr-srcset=\"https:\/\/www.moerikeschule.de\/wp-content\/uploads\/2024\/03\/3-gewinnspiel-spospito-bewegungspass-2024-1024x1024.jpg 1024w, https:\/\/www.moerikeschule.de\/wp-content\/uploads\/2024\/03\/3-gewinnspiel-spospito-bewegungspass-2024-300x300.jpg 300w, https:\/\/www.moerikeschule.de\/wp-content\/uploads\/2024\/03\/3-gewinnspiel-spospito-bewegungspass-2024-150x150.jpg 150w, https:\/\/www.moerikeschule.de\/wp-content\/uploads\/2024\/03\/3-gewinnspiel-spospito-bewegungspass-2024-768x768.jpg 768w, https:\/\/www.moerikeschule.de\/wp-content\/uploads\/2024\/03\/3-gewinnspiel-spospito-bewegungspass-2024-600x600.jpg 600w, https:\/\/www.moerikeschule.de\/wp-content\/uploads\/2024\/03\/3-gewinnspiel-spospito-bewegungspass-2024-246x246.jpg 246w, https:\/\/www.moerikeschule.de\/wp-content\/uploads\/2024\/03\/3-gewinnspiel-spospito-bewegungspass-2024-520x520.jpg 520w, https:\/\/www.moerikeschule.de\/wp-content\/uploads\/2024\/03\/3-gewinnspiel-spospito-bewegungspass-2024-185x185.jpg 185w, https:\/\/www.moerikeschule.de\/wp-content\/uploads\/2024\/03\/3-gewinnspiel-spospito-bewegungspass-2024-220x220.jpg 220w, https:\/\/www.moerikeschule.de\/wp-content\/uploads\/2024\/03\/3-gewinnspiel-spospito-bewegungspass-2024-60x60.jpg 60w, https:\/\/www.moerikeschule.de\/wp-content\/uploads\/2024\/03\/3-gewinnspiel-spospito-bewegungspass-2024-384x384.jpg 384w, https:\/\/www.moerikeschule.de\/wp-content\/uploads\/2024\/03\/3-gewinnspiel-spospito-bewegungspass-2024.jpg 1080w\" sizes=\"(max-width: 406px) 100vw, 406px\" \/><\/figure>\n<\/div>\n<\/div>\n\n\n\n<p><\/p>\n\n\n\n<h2>Der Nutzen<\/h2>\n\n\n\n<p>F\u00fcr die Kinder hat es viele Vorteile, den Schulweg zu Fu\u00df, mit dem Tretroller oder dem Fahrrad zur\u00fcckzulegen:<\/p>\n\n\n\n<ul>\n<li>Regelm\u00e4\u00dfige Bewegung st\u00e4rkt die Abwehrkr\u00e4fte, beugt Haltungsschw\u00e4chen und \u00dcbergewicht vor und macht au\u00dferdem viel Spa\u00df. Der Weg zur Grundschule eignet sich bestens als t\u00e4gliche Trainingseinheit.<\/li>\n\n\n\n<li>Durch die Bewegung an der frischen Luft werden die Kinder wacher und ausgeglichener, wodurch sie konzentrierter durch ihren Alltag gehen.<\/li>\n\n\n\n<li>Die Kinder lernen fr\u00fchzeitig mit den Herausforderungen des Stra\u00dfenverkehrs umzugehen und gewinnen Sicherheit. Der Schulweg eignet sich ideal,um richtiges Verkehrsverhalten Schritt f\u00fcr Schritt zu trainieren \u2013 zuerst an der Hand der Eltern und sp\u00e4ter alleine oder mit Freundinnen und Freunden. Das ist wichtig, denn die Eltern k\u00f6nnen ihre Kinder zuk\u00fcnftig nicht immer auf allen Wegen begleiten.<\/li>\n\n\n\n<li>Auf dem Schulweg sammeln Kinder grundlegende Erfahrungen, die f\u00fcr ihre pers\u00f6nliche Entwicklung wichtig sind. Sie kn\u00fcpfen soziale Kontakte, erforschen mit anderen Kindern die Umgebung und machen Entdeckungen in der Natur. Kurz: Sie erkunden auf eigene Faust die Welt. Das st\u00e4rkt ihr Selbstbewusstsein und f\u00f6rdert ihre Eigenverantwortung.<\/li>\n<\/ul>\n\n\n\n<p>Auch die Eltern profitieren davon, wenn ihr Kind selbstst\u00e4ndiger wird. Der morgendliche Stress endet an der eigenen Haust\u00fcr und die Eltern sparen sich die Zeit f\u00fcr das Bringen und Holen. Wer will, darf seinen Spr\u00f6ssling aber nat\u00fcrlich zur Schule begleiten. <\/p>\n\n\n\n<p>Und nicht zuletzt leisten wir mit dem Projekt einen Beitrag zum Klimaschutz und damit auch f\u00fcr die Zukunft unserer Kinder. Jeder Weg, der zu Fu\u00df, mit dem Tretroller oder mit dem Fahrrad zur\u00fcckgelegt wird, verringert den Verkehr und damit auch die Umweltverschmutzung.<\/p>\n\n\n\n<div class=\"wp-block-file\"><a id=\"wp-block-file--media-81a3d541-29f0-44c4-85cc-2266666728eb\" href=\"https:\/\/www.moerikeschule.de\/wp-content\/uploads\/2023\/03\/spospito-bewegungs-pass_buskinder.pdf\">spospito-bewegungs-pass_buskinder<\/a><\/div>\n\n\n\n<div class=\"is-layout-flex wp-container-5 wp-block-columns\">\n<div class=\"is-layout-flow wp-block-column\">\n<div class=\"wp-block-file\"><a id=\"wp-block-file--media-8057a0e3-33cd-4302-a9cf-83045e57f022\" href=\"https:\/\/www.moerikeschule.de\/wp-content\/uploads\/2023\/03\/spospito-bewegungs-pass_regentage_bzw_schlechtes_wetter.pdf\">spospito-bewegungs-pass_regentage_bzw_schlechtes_wetter<\/a><\/div>\n<\/div>\n<\/div>\n\n\n<div class=\"wp-block-image\">\n<figure class=\"alignright size-full is-resized\"><img decoding=\"async\" loading=\"lazy\" src=\"data:image\/gif;base64,R0lGODlhAQABAAAAACH5BAEKAAEALAAAAAABAAEAAAICTAEAOw==\" data-layzr=\"https:\/\/www.moerikeschule.de\/wp-content\/uploads\/2023\/03\/image-9.png\" alt=\"\" class=\"wp-image-658\" width=\"144\" height=\"179\"\/><\/figure><\/div>","protected":false},"excerpt":{"rendered":"<p>Laufend zu mehr Gesundheit und Klimaschutz Wir machen mit bei dem Projekt &#8222;SpoSpiTo-Bewegungs-Pass 2024&#8220;. Aktionsende und R\u00fcckgabe bis Dienstag, 13.05.2024. Warum haben wir uns dazu entschieden? Viele Eltern bringen ihre Kinder mit dem Auto zur Schule, weil das vermeintlich sicherer ist. Doch der Bring-und Holverkehr vor unserer Schule f\u00fchrt immer wieder zu gef\u00e4hrlichen Verkehrssituationen. Das [&hellip;]<\/p>\n","protected":false},"author":1,"featured_media":0,"parent":0,"menu_order":0,"comment_status":"closed","ping_status":"closed","template":"","meta":{"ngg_post_thumbnail":0},"_links":{"self":[{"href":"https:\/\/www.moerikeschule.de\/index.php?rest_route=\/wp\/v2\/pages\/583"}],"collection":[{"href":"https:\/\/www.moerikeschule.de\/index.php?rest_route=\/wp\/v2\/pages"}],"about":[{"href":"https:\/\/www.moerikeschule.de\/index.php?rest_route=\/wp\/v2\/types\/page"}],"author":[{"embeddable":true,"href":"https:\/\/www.moerikeschule.de\/index.php?rest_route=\/wp\/v2\/users\/1"}],"replies":[{"embeddable":true,"href":"https:\/\/www.moerikeschule.de\/index.php?rest_route=%2Fwp%2Fv2%2Fcomments&post=583"}],"version-history":[{"count":16,"href":"https:\/\/www.moerikeschule.de\/index.php?rest_route=\/wp\/v2\/pages\/583\/revisions"}],"predecessor-version":[{"id":926,"href":"https:\/\/www.moerikeschule.de\/index.php?rest_route=\/wp\/v2\/pages\/583\/revisions\/926"}],"wp:attachment":[{"href":"https:\/\/www.moerikeschule.de\/index.php?rest_route=%2Fwp%2Fv2%2Fmedia&parent=583"}],"curies":[{"name":"wp","href":"https:\/\/api.w.org\/{rel}","templated":true}]}}