{"id":695,"date":"2023-05-09T21:02:43","date_gmt":"2023-05-09T19:02:43","guid":{"rendered":"https:\/\/www.moerikeschule.de\/?page_id=695"},"modified":"2024-09-18T16:04:47","modified_gmt":"2024-09-18T14:04:47","slug":"betreuung","status":"publish","type":"page","link":"https:\/\/www.moerikeschule.de\/?page_id=695","title":{"rendered":"Betreuung"},"content":{"rendered":"\n<p>Liebe Erziehungsberechtige,<\/p>\n\n\n\n<p>ab dem Schuljahr 2023\/24 wird die Anmeldung zur Betreuung au\u00dferhalb der Unterrichtszeiten und zum Mittagessen nicht mehr \u00fcber den F\u00f6rderverein, sondern \u00fcber die Schule, genauer gesagt,&nbsp;<strong>ausschlie\u00dflich \u00fcber das Sekretariat<\/strong>&nbsp;stattfinden. Die komplett ausgef\u00fcllten Anmeldeformulare k\u00f6nnen Sie auf zweierlei Weisen zur\u00fcckgeben:<br>a) in Papierform direkt im Sekretariat bei Frau Nannt oder im wei\u00dfen Briefkasten am<br>Rektorat bei Frau Turki<br>b) oder eingescannt per Mail an:&nbsp;<a href=\"mailto:moerikeschule@reutlingen.de\" target=\"_blank\" rel=\"noreferrer noopener\">moerikeschule@reutlingen.de<\/a><br>Um m\u00f6glichst alle Kinder zu erfassen, betrifft die Anmeldung&nbsp;alle, auch wenn Ihr Kind bereits angemeldet ist. Alle bisherigen Anmeldungen haben keine G\u00fcltigkeit mehr (f\u00fcr das neue Schuljahr) und m\u00fcssen mit beigef\u00fcgtem Anmeldeformular neu angemeldet werden!<br>Auch bei bereits bestehender Mitgliedschaft im F\u00f6rderverein bitten wir Sie, der Vollst\u00e4ndigkeitshalber, den Anmeldebogen \u201eAufnahmeantrag F\u00d6V\u201c und das r\u00fcckseitige SEPA-Lastschriftmandat neu auszuf\u00fcllen.<br>Beachten Sie bitte auch bei der Anmeldung des Betreuungsbedarfs, dass ab n\u00e4chstem Schuljahr wieder alle Kinder von Klasse 1 \u2013 4 den Dienstagnachmittag Unterricht haben werden und die Klassen 3 \u2013 4 noch zus\u00e4tzlich den Donnerstagnachmittag. Mittwochs werden wieder nur AG\u2019s angeboten werden \u2013 kein Unterricht mehr f\u00fcr die Klassen 1 und 2.<\/p>\n\n\n\n<p>&#8211; &nbsp; &nbsp; &nbsp; &nbsp;<strong>Anmeldeschluss<\/strong>&nbsp;f\u00fcr die Betreuung ist der&nbsp;<strong>01.07.2023<\/strong><br>&#8211; &nbsp; &nbsp; &nbsp; &nbsp;Anmeldung nur mit<strong>&nbsp;Arbeitgeberbescheinigung zul\u00e4ssig<\/strong><br>&#8211; &nbsp; &nbsp; &nbsp; &nbsp;Anmeldung gilt<strong>&nbsp;f\u00fcr ein Schuljahr<\/strong><br>&#8211; &nbsp; &nbsp; &nbsp; &nbsp;Anmeldung&nbsp;<strong>ausschlie\u00dflich \u00fcber das Sekretariat<\/strong><\/p>\n\n\n\n<p>F\u00fcr R\u00fcckfragen stehen wir Ihnen gerne zur Verf\u00fcgung unter:&nbsp;<a rel=\"noreferrer noopener\" href=\"mailto:moerikeschule@reutlingen.de\" target=\"_blank\">moerikeschule@reutlingen.de<\/a>.<\/p>\n\n\n\n<div class=\"wp-block-file\"><a id=\"wp-block-file--media-5616dd22-d9bb-47f4-b1a6-f4a11e4c7402\" href=\"https:\/\/www.moerikeschule.de\/wp-content\/uploads\/2023\/06\/SJ-2023_24_Anmeldung-Betreuung-2.pdf\" target=\"_blank\" rel=\"noreferrer noopener\">SJ-2023_24_Anmeldung-Betreuung-2<\/a><\/div>\n\n\n\n<div class=\"wp-block-file\"><a id=\"wp-block-file--media-1535da56-a9d1-4a38-a480-7f449a2818cf\" href=\"https:\/\/www.moerikeschule.de\/wp-content\/uploads\/2023\/06\/Aufnahmeantrag-FA\u0096V_SEPA.pdf\" target=\"_blank\" rel=\"noreferrer noopener\">Aufnahmeantrag-F\u00d6V_SEPA<\/a><\/div>\n\n\n\n<p><\/p>\n\n\n\n<p><strong>H\u00e4ufige Fragen (FAQs) \u2013 Betreuung<\/strong><\/p>\n\n\n\n<ol>\n<li><em>Wer bekommt die Unterlagen?<\/em><br>Bitte alle Formulare, Anmeldung Betreuung und Anmeldung F\u00f6rderverein und SEPA-Lastschriftmandat an das Sekretariat, wir leiten alles n\u00f6tige weiter.<\/li>\n\n\n\n<li><em>Wie ist der Stundenplan f\u00fcr das n\u00e4chste Schuljahr?<\/em><br>Stundenpl\u00e4ne werden erst zu Schuljahresbeginn fertig sein. Sie erhalten am ersten Schultag die Info. Wenn Sie an bestimmten Tagen \u00fcber Mittag arbeiten, melden Sie Ihr Kind f\u00fcr diesen Tag bzw. Tage an (Mittagsbetreuung 11:30-13:30\u00a0h).<\/li>\n\n\n\n<li><em>Mein Kind soll Essen vom F\u00f6rderverein bekommen:<\/em><br>Melden Sie es zum Mittagessen extra an, sonst muss das mitgebrachte Essen verzehrt werden.<\/li>\n\n\n\n<li><em>Der Unterricht am Dienstagnachmittag f\u00e4llt aus:<\/em><br>Ihr Kind wird w\u00e4hrend des Schulausfalls von anderen Lehrkr\u00e4ften betreut, keine Anmeldung bei dem F\u00f6rderverein m\u00f6glich.<\/li>\n\n\n\n<li><em>Wann sind die AGs?<\/em><br>Die AGs werden erst im neuen Schuljahr bekannt gegeben. Wenn Sie an bestimmten Tagen arbeiten bzw. niemand zu Hause ist, z. B. bei Ausfall der AG, melden Sie Ihr Kind f\u00fcr die Tage in der Nachmittagsbetreuung 13:30 \u2013 15:00 Uhr an.<\/li>\n\n\n\n<li><em>Ich bin Alleinerziehend:<\/em><br>Dann ist nur von Ihnen eine Arbeitgeberbescheinigung abzugeben.<\/li>\n\n\n\n<li><em>Ich\/wir arbeite\/n gar nicht, m\u00f6chte mein Kind aber trotzdem anmelden\u2026<\/em><br>Dann haben die berufst\u00e4tigen Eltern bei der Platzvergabe Vorrang.<\/li>\n\n\n\n<li><em>Was bedeutet Betreuung?<\/em><br>Eine Aufsichtsperson ist anwesend.<\/li>\n<\/ol>\n","protected":false},"excerpt":{"rendered":"<p>Liebe Erziehungsberechtige, ab dem Schuljahr 2023\/24 wird die Anmeldung zur Betreuung au\u00dferhalb der Unterrichtszeiten und zum Mittagessen nicht mehr \u00fcber den F\u00f6rderverein, sondern \u00fcber die Schule, genauer gesagt,&nbsp;ausschlie\u00dflich \u00fcber das Sekretariat&nbsp;stattfinden. Die komplett ausgef\u00fcllten Anmeldeformulare k\u00f6nnen Sie auf zweierlei Weisen zur\u00fcckgeben:a) in Papierform direkt im Sekretariat bei Frau Nannt oder im wei\u00dfen Briefkasten amRektorat bei [&hellip;]<\/p>\n","protected":false},"author":1,"featured_media":0,"parent":0,"menu_order":0,"comment_status":"closed","ping_status":"closed","template":"","meta":{"ngg_post_thumbnail":0},"_links":{"self":[{"href":"https:\/\/www.moerikeschule.de\/index.php?rest_route=\/wp\/v2\/pages\/695"}],"collection":[{"href":"https:\/\/www.moerikeschule.de\/index.php?rest_route=\/wp\/v2\/pages"}],"about":[{"href":"https:\/\/www.moerikeschule.de\/index.php?rest_route=\/wp\/v2\/types\/page"}],"author":[{"embeddable":true,"href":"https:\/\/www.moerikeschule.de\/index.php?rest_route=\/wp\/v2\/users\/1"}],"replies":[{"embeddable":true,"href":"https:\/\/www.moerikeschule.de\/index.php?rest_route=%2Fwp%2Fv2%2Fcomments&post=695"}],"version-history":[{"count":9,"href":"https:\/\/www.moerikeschule.de\/index.php?rest_route=\/wp\/v2\/pages\/695\/revisions"}],"predecessor-version":[{"id":1029,"href":"https:\/\/www.moerikeschule.de\/index.php?rest_route=\/wp\/v2\/pages\/695\/revisions\/1029"}],"wp:attachment":[{"href":"https:\/\/www.moerikeschule.de\/index.php?rest_route=%2Fwp%2Fv2%2Fmedia&parent=695"}],"curies":[{"name":"wp","href":"https:\/\/api.w.org\/{rel}","templated":true}]}}